{"id":11027,"date":"2025-09-29T12:28:47","date_gmt":"2025-09-29T10:28:47","guid":{"rendered":"https:\/\/www.gs-essenheim.de\/?page_id=11027"},"modified":"2025-09-29T12:55:12","modified_gmt":"2025-09-29T10:55:12","slug":"schulsozialarbeit","status":"publish","type":"page","link":"https:\/\/www.gs-essenheim.de\/?page_id=11027","title":{"rendered":"Schulsozialarbeit"},"content":{"rendered":"\n<figure class=\"wp-block-gallery has-nested-images columns-default is-cropped wp-block-gallery-1 is-layout-flex wp-block-gallery-is-layout-flex\">\n<figure class=\"wp-block-image size-large\"><a href=\"https:\/\/www.gs-essenheim.de\/wp-content\/uploads\/2025\/09\/2025.09.29.-Logo-Schulsozialarbeit.jpg\"><img loading=\"lazy\" decoding=\"async\" width=\"127\" height=\"106\" data-id=\"11031\" src=\"https:\/\/www.gs-essenheim.de\/wp-content\/uploads\/2025\/09\/2025.09.29.-Logo-Schulsozialarbeit.jpg\" alt=\"\" class=\"wp-image-11031\"\/><\/a><\/figure>\n\n\n\n<figure class=\"wp-block-image size-large\"><a href=\"https:\/\/www.gs-essenheim.de\/wp-content\/uploads\/2025\/09\/2025.09.29.-Logo-Kreis.jpg\"><img loading=\"lazy\" decoding=\"async\" width=\"210\" height=\"146\" data-id=\"11030\" src=\"https:\/\/www.gs-essenheim.de\/wp-content\/uploads\/2025\/09\/2025.09.29.-Logo-Kreis.jpg\" alt=\"\" class=\"wp-image-11030\"\/><\/a><\/figure>\n<\/figure>\n\n\n\n<p>Schulsozialarbeit ist ein pr\u00e4ventives Angebot der Jugendhilfe am Standort Schule.<br>Sie ist da f\u00fcr Kinder und Jugendliche, f\u00fcr Eltern und f\u00fcr Lehrkr\u00e4fte.<br>Schulsozialarbeit ber\u00e4t neutral und freiwillig und unterliegt dabei einer Schweigepflicht.<\/p>\n\n\n\n<p>Dabei beachten alle Schulsozialarbeiterinnen und Schulsozialarbeiter den <em>Verhaltenskodex<\/em> des Fachbereichs Schulsozialarbeit des Landkreises Mainz-Bingen.<\/p>\n\n\n\n<div class=\"wp-block-file aligncenter\"><a id=\"wp-block-file--media-8d5a94a7-f77e-4337-b78c-086b8131addc\" href=\"https:\/\/www.gs-essenheim.de\/wp-content\/uploads\/2025\/09\/2025.09.29.-Verhaltenskodex-13c.pdf\">2025.09.29. Verhaltenskodex 13c<\/a><\/div>\n\n\n\n<hr class=\"wp-block-separator has-alpha-channel-opacity\"\/>\n\n\n\n<figure class=\"wp-block-image size-full\"><a href=\"https:\/\/www.gs-essenheim.de\/wp-content\/uploads\/2025\/09\/2025.09.29.-Foto-Simone-Becker.jpg\"><img loading=\"lazy\" decoding=\"async\" width=\"103\" height=\"98\" src=\"https:\/\/www.gs-essenheim.de\/wp-content\/uploads\/2025\/09\/2025.09.29.-Foto-Simone-Becker.jpg\" alt=\"\" class=\"wp-image-11029\"\/><\/a><\/figure>\n\n\n\n<p>Mein Name ist Simone Becker und ich arbeite mit 10 Stunden als Schulsozialarbeiterin an der Grundschule Essenheim.<\/p>\n\n\n\n<p>Meine Angebote an Sch\u00fclerinnen und Sch\u00fcler:<\/p>\n\n\n\n<ul class=\"wp-block-list\">\n<li>Ich h\u00f6re zu bei Fragen und Problemen und wir finden gemeinsam L\u00f6sungen.<\/li>\n\n\n\n<li>Ich unterst\u00fctze bei Schwierigkeiten mit Freunden und\/ oder der Familie.<\/li>\n\n\n\n<li>Ich besch\u00e4ftige mich gemeinsam mit Klassen mit sozialen Fragestellungen, z.B. \u201eWie gehen wir miteinander um?\u201c<\/li>\n<\/ul>\n\n\n\n<p>An Eltern:<\/p>\n\n\n\n<ul class=\"wp-block-list\">\n<li>Ich unterst\u00fctze Eltern bei Erziehungsfragen.<\/li>\n\n\n\n<li>Ich berate bei schulischen Fragestellungen.<\/li>\n\n\n\n<li>Ich vermittle an weitergehende Hilfsangebote.<\/li>\n<\/ul>\n\n\n\n<p>An die Schule allgemein:<\/p>\n\n\n\n<ul class=\"wp-block-list\">\n<li>Ich berate die Lehrkr\u00e4fte bei sozialp\u00e4dagogischen Fragen.<\/li>\n\n\n\n<li>Ich unterst\u00fctze bei der St\u00e4rkung des Miteinanders.<\/li>\n\n\n\n<li>Ich unterst\u00fctze bei der Vernetzung mit anderen sozialen Einrichtungen.<\/li>\n<\/ul>\n\n\n\n<p>Meine Kontaktdaten:<\/p>\n\n\n\n<p>Simone Becker (Diplom-P\u00e4dagogin)<br>Tel.:&nbsp;0175 \/ 4817974<br>E-Mail: becker.simone@mainz-bingen.de<br>Raum: E 06<\/p>\n\n\n\n<p>Zeiten: Montag und Mittwoch von 09:00 \u2013 13:30 Uhr<\/p>\n\n\n\n<p>Weitere Informationen finden Sie auch auf der Homepage der Kreisverwaltung Mainz-Bingen:<\/p>\n\n\n\n<p><a href=\"http:\/\/www.mainz-bingen.de\">www.mainz-bingen.de<\/a><\/p>\n","protected":false},"excerpt":{"rendered":"<p>Schulsozialarbeit ist ein pr\u00e4ventives Angebot der Jugendhilfe am Standort Schule.Sie ist da f\u00fcr Kinder und Jugendliche, f\u00fcr Eltern und f\u00fcr Lehrkr\u00e4fte.Schulsozialarbeit ber\u00e4t neutral und freiwillig und unterliegt dabei einer Schweigepflicht. Dabei beachten alle Schulsozialarbeiterinnen und Schulsozialarbeiter den Verhaltenskodex des Fachbereichs &hellip; <a href=\"https:\/\/www.gs-essenheim.de\/?page_id=11027\">Weiterlesen <span class=\"meta-nav\">&rarr;<\/span><\/a><\/p>\n","protected":false},"author":3,"featured_media":0,"parent":0,"menu_order":7,"comment_status":"closed","ping_status":"closed","template":"","meta":{"footnotes":""},"class_list":["post-11027","page","type-page","status-publish","hentry"],"_links":{"self":[{"href":"https:\/\/www.gs-essenheim.de\/index.php?rest_route=\/wp\/v2\/pages\/11027","targetHints":{"allow":["GET"]}}],"collection":[{"href":"https:\/\/www.gs-essenheim.de\/index.php?rest_route=\/wp\/v2\/pages"}],"about":[{"href":"https:\/\/www.gs-essenheim.de\/index.php?rest_route=\/wp\/v2\/types\/page"}],"author":[{"embeddable":true,"href":"https:\/\/www.gs-essenheim.de\/index.php?rest_route=\/wp\/v2\/users\/3"}],"replies":[{"embeddable":true,"href":"https:\/\/www.gs-essenheim.de\/index.php?rest_route=%2Fwp%2Fv2%2Fcomments&post=11027"}],"version-history":[{"count":4,"href":"https:\/\/www.gs-essenheim.de\/index.php?rest_route=\/wp\/v2\/pages\/11027\/revisions"}],"predecessor-version":[{"id":11036,"href":"https:\/\/www.gs-essenheim.de\/index.php?rest_route=\/wp\/v2\/pages\/11027\/revisions\/11036"}],"wp:attachment":[{"href":"https:\/\/www.gs-essenheim.de\/index.php?rest_route=%2Fwp%2Fv2%2Fmedia&parent=11027"}],"curies":[{"name":"wp","href":"https:\/\/api.w.org\/{rel}","templated":true}]}}