{"id":2379,"date":"2015-08-25T16:23:30","date_gmt":"2015-08-25T14:23:30","guid":{"rendered":"http:\/\/www.gs-essenheim.de\/?page_id=2379"},"modified":"2026-03-30T15:38:55","modified_gmt":"2026-03-30T13:38:55","slug":"aktuelles","status":"publish","type":"page","link":"https:\/\/www.gs-essenheim.de\/?page_id=2379","title":{"rendered":"Aktuelles"},"content":{"rendered":"\n<h2 class=\"wp-block-heading has-text-align-center\">Osterferien<\/h2>\n\n\n\n<p class=\"has-text-align-center\">Der Unterricht beginnt wieder am Montag, 13. April 2026, um 8.00 Uhr.<\/p>\n\n\n\n<p class=\"has-text-align-center\">Wir w\u00fcnschen Ihnen alle entspannte Feiertage!<\/p>\n\n\n\n<p class=\"has-text-align-center has-white-color has-white-background-color has-text-color has-background\">Leerzeile<\/p>\n\n\n\n<h2 class=\"wp-block-heading has-text-align-center\">Unsere Fastnachtsfeier!<\/h2>\n\n\n\n<p class=\"has-text-align-center\">Ein paar Eindr\u00fccke vom n\u00e4rrischen <a href=\"https:\/\/www.gs-essenheim.de\/?page_id=10902\">Treiben<\/a>!<\/p>\n\n\n\n<p class=\"has-text-align-center has-white-color has-white-background-color has-text-color has-background\">Leerzeile<\/p>\n\n\n\n<h2 class=\"wp-block-heading has-text-align-center\">Unsere neue Mensa!<\/h2>\n\n\n\n<p class=\"has-text-align-center\">In diesem Jahr 2026 starten die Bauarbeiten!<\/p>\n\n\n\n<figure class=\"wp-block-gallery has-nested-images columns-default is-cropped wp-block-gallery-1 is-layout-flex wp-block-gallery-is-layout-flex\"><div class=\"wp-block-image\">\n<figure class=\"aligncenter size-large\"><a href=\"https:\/\/www.gs-essenheim.de\/wp-content\/uploads\/2025\/12\/2025.12.02.-Foto-Mensa-aussen-klein-scaled.jpg\"><img loading=\"lazy\" decoding=\"async\" width=\"1024\" height=\"641\" data-id=\"11204\" src=\"https:\/\/www.gs-essenheim.de\/wp-content\/uploads\/2025\/12\/2025.12.02.-Foto-Mensa-aussen-klein-1024x641.jpg\" alt=\"\" class=\"wp-image-11204\" srcset=\"https:\/\/www.gs-essenheim.de\/wp-content\/uploads\/2025\/12\/2025.12.02.-Foto-Mensa-aussen-klein-1024x641.jpg 1024w, https:\/\/www.gs-essenheim.de\/wp-content\/uploads\/2025\/12\/2025.12.02.-Foto-Mensa-aussen-klein-300x188.jpg 300w, https:\/\/www.gs-essenheim.de\/wp-content\/uploads\/2025\/12\/2025.12.02.-Foto-Mensa-aussen-klein-768x481.jpg 768w, https:\/\/www.gs-essenheim.de\/wp-content\/uploads\/2025\/12\/2025.12.02.-Foto-Mensa-aussen-klein-1536x961.jpg 1536w, https:\/\/www.gs-essenheim.de\/wp-content\/uploads\/2025\/12\/2025.12.02.-Foto-Mensa-aussen-klein-2048x1282.jpg 2048w, https:\/\/www.gs-essenheim.de\/wp-content\/uploads\/2025\/12\/2025.12.02.-Foto-Mensa-aussen-klein-479x300.jpg 479w\" sizes=\"auto, (max-width: 1024px) 100vw, 1024px\" \/><\/a><\/figure>\n<\/div>\n\n\n<figure class=\"wp-block-image size-large\"><a href=\"https:\/\/www.gs-essenheim.de\/wp-content\/uploads\/2025\/12\/2025.12.02.-Foto-Mensa-innen-klein-scaled.jpg\"><img loading=\"lazy\" decoding=\"async\" width=\"1024\" height=\"572\" data-id=\"11205\" src=\"https:\/\/www.gs-essenheim.de\/wp-content\/uploads\/2025\/12\/2025.12.02.-Foto-Mensa-innen-klein-1024x572.jpg\" alt=\"\" class=\"wp-image-11205\" srcset=\"https:\/\/www.gs-essenheim.de\/wp-content\/uploads\/2025\/12\/2025.12.02.-Foto-Mensa-innen-klein-1024x572.jpg 1024w, https:\/\/www.gs-essenheim.de\/wp-content\/uploads\/2025\/12\/2025.12.02.-Foto-Mensa-innen-klein-300x168.jpg 300w, https:\/\/www.gs-essenheim.de\/wp-content\/uploads\/2025\/12\/2025.12.02.-Foto-Mensa-innen-klein-768x429.jpg 768w, https:\/\/www.gs-essenheim.de\/wp-content\/uploads\/2025\/12\/2025.12.02.-Foto-Mensa-innen-klein-1536x858.jpg 1536w, https:\/\/www.gs-essenheim.de\/wp-content\/uploads\/2025\/12\/2025.12.02.-Foto-Mensa-innen-klein-2048x1144.jpg 2048w, https:\/\/www.gs-essenheim.de\/wp-content\/uploads\/2025\/12\/2025.12.02.-Foto-Mensa-innen-klein-500x279.jpg 500w\" sizes=\"auto, (max-width: 1024px) 100vw, 1024px\" \/><\/a><\/figure>\n<\/figure>\n\n\n\n<p class=\"has-text-align-center has-white-color has-white-background-color has-text-color has-background\">Leerzeile<\/p>\n\n\n\n<h2 class=\"wp-block-heading has-text-align-center\">Projekttage + Adventsmarkt (25. &#8211; 28. November 2025)<\/h2>\n\n\n\n<p>Ich bedanke mich ganz herzlichen bei unserem ganzen Schulteam, beim SEB und dem F\u00f6V,   bei der BGS, bei der Kita Wirbelwind, bei allen helfenden Eltern, Gro\u00dfeltern, Verwandten und Freunden unserer Schule f\u00fcr den gro\u00dfartigen Einsatz und die Unterst\u00fctzung an den vier Projekttagen und am Adventsmarkt! Vor allem bedanke ich mich bei allen Kindern &#8211; ihr habt das toll gemacht! Es war ein gelungenes Fest!<\/p>\n\n\n\n<p>Einen sch\u00f6nen, friedlichen Advent w\u00fcnscht B. Strupp<\/p>\n\n\n\n<p>Gerne k\u00f6nnen Sie sich auf unserer Seite &#8222;<a href=\"https:\/\/www.gs-essenheim.de\/?page_id=10902\" data-type=\"page\" data-id=\"10902\">Schulleben<\/a>&#8220; ein paar Fotos anschauen.<\/p>\n\n\n\n<p class=\"has-text-align-center has-white-color has-white-background-color has-text-color has-background\">Leerzeile<\/p>\n\n\n\n<figure class=\"wp-block-image size-large\"><a href=\"https:\/\/www.gs-essenheim.de\/wp-content\/uploads\/2025\/10\/2025.10.09.-Elternbrief-Einfuehrung-App-Sdui-S.1-scaled.jpg\"><img loading=\"lazy\" decoding=\"async\" width=\"724\" height=\"1024\" src=\"https:\/\/www.gs-essenheim.de\/wp-content\/uploads\/2025\/10\/2025.10.09.-Elternbrief-Einfuehrung-App-Sdui-S.1-724x1024.jpg\" alt=\"\" class=\"wp-image-11077\" srcset=\"https:\/\/www.gs-essenheim.de\/wp-content\/uploads\/2025\/10\/2025.10.09.-Elternbrief-Einfuehrung-App-Sdui-S.1-724x1024.jpg 724w, https:\/\/www.gs-essenheim.de\/wp-content\/uploads\/2025\/10\/2025.10.09.-Elternbrief-Einfuehrung-App-Sdui-S.1-212x300.jpg 212w, https:\/\/www.gs-essenheim.de\/wp-content\/uploads\/2025\/10\/2025.10.09.-Elternbrief-Einfuehrung-App-Sdui-S.1-768x1086.jpg 768w, https:\/\/www.gs-essenheim.de\/wp-content\/uploads\/2025\/10\/2025.10.09.-Elternbrief-Einfuehrung-App-Sdui-S.1-1086x1536.jpg 1086w, https:\/\/www.gs-essenheim.de\/wp-content\/uploads\/2025\/10\/2025.10.09.-Elternbrief-Einfuehrung-App-Sdui-S.1-1448x2048.jpg 1448w, https:\/\/www.gs-essenheim.de\/wp-content\/uploads\/2025\/10\/2025.10.09.-Elternbrief-Einfuehrung-App-Sdui-S.1-scaled.jpg 1810w\" sizes=\"auto, (max-width: 724px) 100vw, 724px\" \/><\/a><\/figure>\n\n\n\n<p class=\"has-text-align-center has-white-color has-white-background-color has-text-color has-background\">Leerzeile<\/p>\n\n\n\n<figure class=\"wp-block-image size-large\"><a href=\"https:\/\/www.gs-essenheim.de\/wp-content\/uploads\/2025\/08\/2025.08.04.-Mensa-Neubau-Leininger-Rill-S.-1-scaled.jpg\"><img loading=\"lazy\" decoding=\"async\" width=\"724\" height=\"1024\" src=\"https:\/\/www.gs-essenheim.de\/wp-content\/uploads\/2025\/08\/2025.08.04.-Mensa-Neubau-Leininger-Rill-S.-1-724x1024.jpg\" alt=\"\" class=\"wp-image-10887\" srcset=\"https:\/\/www.gs-essenheim.de\/wp-content\/uploads\/2025\/08\/2025.08.04.-Mensa-Neubau-Leininger-Rill-S.-1-724x1024.jpg 724w, https:\/\/www.gs-essenheim.de\/wp-content\/uploads\/2025\/08\/2025.08.04.-Mensa-Neubau-Leininger-Rill-S.-1-212x300.jpg 212w, https:\/\/www.gs-essenheim.de\/wp-content\/uploads\/2025\/08\/2025.08.04.-Mensa-Neubau-Leininger-Rill-S.-1-768x1086.jpg 768w, https:\/\/www.gs-essenheim.de\/wp-content\/uploads\/2025\/08\/2025.08.04.-Mensa-Neubau-Leininger-Rill-S.-1-1086x1536.jpg 1086w, https:\/\/www.gs-essenheim.de\/wp-content\/uploads\/2025\/08\/2025.08.04.-Mensa-Neubau-Leininger-Rill-S.-1-1448x2048.jpg 1448w, https:\/\/www.gs-essenheim.de\/wp-content\/uploads\/2025\/08\/2025.08.04.-Mensa-Neubau-Leininger-Rill-S.-1-scaled.jpg 1810w\" sizes=\"auto, (max-width: 724px) 100vw, 724px\" \/><\/a><\/figure>\n\n\n\n<figure class=\"wp-block-image size-large\"><a href=\"https:\/\/www.gs-essenheim.de\/wp-content\/uploads\/2025\/08\/2025.08.04.-Mensa-Neubau-Leininger-Rill-S.-2-scaled.jpg\"><img loading=\"lazy\" decoding=\"async\" width=\"724\" height=\"1024\" src=\"https:\/\/www.gs-essenheim.de\/wp-content\/uploads\/2025\/08\/2025.08.04.-Mensa-Neubau-Leininger-Rill-S.-2-724x1024.jpg\" alt=\"\" class=\"wp-image-10888\" srcset=\"https:\/\/www.gs-essenheim.de\/wp-content\/uploads\/2025\/08\/2025.08.04.-Mensa-Neubau-Leininger-Rill-S.-2-724x1024.jpg 724w, https:\/\/www.gs-essenheim.de\/wp-content\/uploads\/2025\/08\/2025.08.04.-Mensa-Neubau-Leininger-Rill-S.-2-212x300.jpg 212w, https:\/\/www.gs-essenheim.de\/wp-content\/uploads\/2025\/08\/2025.08.04.-Mensa-Neubau-Leininger-Rill-S.-2-768x1086.jpg 768w, https:\/\/www.gs-essenheim.de\/wp-content\/uploads\/2025\/08\/2025.08.04.-Mensa-Neubau-Leininger-Rill-S.-2-1086x1536.jpg 1086w, https:\/\/www.gs-essenheim.de\/wp-content\/uploads\/2025\/08\/2025.08.04.-Mensa-Neubau-Leininger-Rill-S.-2-1448x2048.jpg 1448w, https:\/\/www.gs-essenheim.de\/wp-content\/uploads\/2025\/08\/2025.08.04.-Mensa-Neubau-Leininger-Rill-S.-2-scaled.jpg 1810w\" sizes=\"auto, (max-width: 724px) 100vw, 724px\" \/><\/a><\/figure>\n\n\n\n<figure class=\"wp-block-image size-large\"><a href=\"https:\/\/www.gs-essenheim.de\/wp-content\/uploads\/2025\/08\/2025.08.04.-Mensa-Neubau-Leininger-Rill-S.-3-scaled.jpg\"><img loading=\"lazy\" decoding=\"async\" width=\"724\" height=\"1024\" src=\"https:\/\/www.gs-essenheim.de\/wp-content\/uploads\/2025\/08\/2025.08.04.-Mensa-Neubau-Leininger-Rill-S.-3-724x1024.jpg\" alt=\"\" class=\"wp-image-10889\" srcset=\"https:\/\/www.gs-essenheim.de\/wp-content\/uploads\/2025\/08\/2025.08.04.-Mensa-Neubau-Leininger-Rill-S.-3-724x1024.jpg 724w, https:\/\/www.gs-essenheim.de\/wp-content\/uploads\/2025\/08\/2025.08.04.-Mensa-Neubau-Leininger-Rill-S.-3-212x300.jpg 212w, https:\/\/www.gs-essenheim.de\/wp-content\/uploads\/2025\/08\/2025.08.04.-Mensa-Neubau-Leininger-Rill-S.-3-768x1086.jpg 768w, https:\/\/www.gs-essenheim.de\/wp-content\/uploads\/2025\/08\/2025.08.04.-Mensa-Neubau-Leininger-Rill-S.-3-1086x1536.jpg 1086w, https:\/\/www.gs-essenheim.de\/wp-content\/uploads\/2025\/08\/2025.08.04.-Mensa-Neubau-Leininger-Rill-S.-3-1448x2048.jpg 1448w, https:\/\/www.gs-essenheim.de\/wp-content\/uploads\/2025\/08\/2025.08.04.-Mensa-Neubau-Leininger-Rill-S.-3-scaled.jpg 1810w\" sizes=\"auto, (max-width: 724px) 100vw, 724px\" \/><\/a><\/figure>\n\n\n\n<h2 class=\"wp-block-heading has-text-align-center\">Dachsanierung geht in die n\u00e4chste Runde<\/h2>\n\n\n\n<p>Nachdem das Ger\u00fcst abgebaut wurde, haben Sie sicherlich vermutet, dass die Bauarbeiten zur Dachsanierung abgeschlossen sind. Leider ist dem nicht so. Ab dem 1. M\u00e4rz 2025 wird die Baustelle wieder eingerichtet, denn es sind an allen Dachfl\u00e4chen weitere Arbeiten erforderlich. Die Aufstellung eines Krans ist erforderlich, welcher gewiss die Beschleunigung der Sanierung beg\u00fcnstigt.<\/p>\n\n\n\n<p>W\u00e4hrend der Arbeiten am Dach kann in dem darunterliegenden Klassenraum kein Unterricht stattfinden, d.h. die Klasse wird in einem anderen Raum untergebracht werden. Welche Bauzeit das Unternehmen f\u00fcr den jeweiligen Bauabschnitt veranschlagen muss, kann derzeit nicht genau angegeben werden.<\/p>\n\n\n\n<p>Wir stehen im engen Kontakt mit der Schulleitung, die den Umzug der Klassen koordiniert und tatkr\u00e4ftig unterst\u00fctzt. Vielen Dank an Herrn Strupp, der sich in vielen Angelegenheiten organisatorisch mithilft.<\/p>\n\n\n\n<p>Herzlich danken wir Ihnen, den Eltern, Sch\u00fclerinnen und Sch\u00fclern, dem Kollegium f\u00fcr Ihr bisheriges Verst\u00e4ndnis, wir wissen um die belastende Situation f\u00fcr die Schulgemeinschaft. Besonders danken wir Herrn Jeschke, der vieles erst m\u00f6glich macht und immer ein Auge auf \u201eseine Schule\u201c hat.<\/p>\n\n\n\n<p>Wir bitten weiterhin um Ihr Entgegenkommen, die weiteren Bauma\u00dfnahmen und die damit einhergehenden Einschr\u00e4nkungen im Schulalltag zu tragen.<\/p>\n\n\n\n<p>Verbandsgemeinde Nieder-Olm<br>Doris Leininger-Rill<br>Erste Beigeordnete&nbsp;<\/p>\n\n\n\n<figure class=\"wp-block-image size-large\"><a href=\"https:\/\/www.gs-essenheim.de\/wp-content\/uploads\/2024\/11\/2024.11.26.-fertiges-Vordach-scaled.jpg\"><img loading=\"lazy\" decoding=\"async\" width=\"1024\" height=\"583\" src=\"https:\/\/www.gs-essenheim.de\/wp-content\/uploads\/2024\/11\/2024.11.26.-fertiges-Vordach-1024x583.jpg\" alt=\"\" class=\"wp-image-10461\" srcset=\"https:\/\/www.gs-essenheim.de\/wp-content\/uploads\/2024\/11\/2024.11.26.-fertiges-Vordach-1024x583.jpg 1024w, https:\/\/www.gs-essenheim.de\/wp-content\/uploads\/2024\/11\/2024.11.26.-fertiges-Vordach-300x171.jpg 300w, https:\/\/www.gs-essenheim.de\/wp-content\/uploads\/2024\/11\/2024.11.26.-fertiges-Vordach-768x437.jpg 768w, https:\/\/www.gs-essenheim.de\/wp-content\/uploads\/2024\/11\/2024.11.26.-fertiges-Vordach-1536x874.jpg 1536w, https:\/\/www.gs-essenheim.de\/wp-content\/uploads\/2024\/11\/2024.11.26.-fertiges-Vordach-2048x1165.jpg 2048w, https:\/\/www.gs-essenheim.de\/wp-content\/uploads\/2024\/11\/2024.11.26.-fertiges-Vordach-500x285.jpg 500w\" sizes=\"auto, (max-width: 1024px) 100vw, 1024px\" \/><\/a><\/figure>\n\n\n\n<p class=\"has-text-align-center\">Unser <strong>Vordach <\/strong>ist <strong>fertig<\/strong>gestellt!<\/p>\n\n\n\n<p>Ab dem 1. M\u00e4rz 2025 ist unser Schulhof nur noch teilweise nutzbar. An Schultagen von 7.00 bis 15.00 Uhr sind 3 Tore ge\u00f6ffnet, aber das <strong>Tor Richtung &#8222;Bach&#8220;<\/strong> muss (bis auf eine halbe Stunde morgens) <strong>verschlossen <\/strong>bleiben.<\/p>\n\n\n\n<figure class=\"wp-block-image size-large\"><a href=\"https:\/\/www.gs-essenheim.de\/wp-content\/uploads\/2024\/03\/2024.03.21.-neuer-Schuleingang-scaled.jpg\"><img loading=\"lazy\" decoding=\"async\" width=\"1024\" height=\"768\" src=\"https:\/\/www.gs-essenheim.de\/wp-content\/uploads\/2024\/03\/2024.03.21.-neuer-Schuleingang-1024x768.jpg\" alt=\"\" class=\"wp-image-9843\" srcset=\"https:\/\/www.gs-essenheim.de\/wp-content\/uploads\/2024\/03\/2024.03.21.-neuer-Schuleingang-1024x768.jpg 1024w, https:\/\/www.gs-essenheim.de\/wp-content\/uploads\/2024\/03\/2024.03.21.-neuer-Schuleingang-300x225.jpg 300w, https:\/\/www.gs-essenheim.de\/wp-content\/uploads\/2024\/03\/2024.03.21.-neuer-Schuleingang-768x576.jpg 768w, https:\/\/www.gs-essenheim.de\/wp-content\/uploads\/2024\/03\/2024.03.21.-neuer-Schuleingang-1536x1152.jpg 1536w, https:\/\/www.gs-essenheim.de\/wp-content\/uploads\/2024\/03\/2024.03.21.-neuer-Schuleingang-2048x1536.jpg 2048w, https:\/\/www.gs-essenheim.de\/wp-content\/uploads\/2024\/03\/2024.03.21.-neuer-Schuleingang-400x300.jpg 400w\" sizes=\"auto, (max-width: 1024px) 100vw, 1024px\" \/><\/a><\/figure>\n\n\n\n<p>Anfang der Sommerferien 2023 haben die umf\u00e4nglichen Arbeiten der Dacherneuerung begonnen. Neben dem Vordach ist auch unser Eingangsbereich fertig gestellt! Die Fehler bei den Flurd\u00e4chern in den Seiteng\u00e4ngen m\u00fcssen allerdings noch behoben werden. Auch m\u00fcssen bei allen Schr\u00e4gd\u00e4cher weitere Fehler korrigiert werden. Daf\u00fcr wird die Schule im Fr\u00fchjahr 2025 erneut einger\u00fcstet. Ab dann werden wir wieder mit Einschr\u00e4nkungen leben m\u00fcssen &#8211; der Schulbetrieb ist aber nicht gef\u00e4hrdet.<\/p>\n\n\n\n<p>Das <strong>Schulgel\u00e4nde <\/strong>ist weiterhin Baustelle und bleibt deshalb au\u00dferhalb der Unterrichts- und Betreuungszeiten bis auf Weiteres <strong>gesperrt<\/strong>.<\/p>\n\n\n\n<p><\/p>\n\n\n\n<figure class=\"wp-block-image size-large\"><a href=\"https:\/\/www.gs-essenheim.de\/wp-content\/uploads\/2023\/05\/2023.05.26.-Baustellenschild-scaled.jpg\"><img loading=\"lazy\" decoding=\"async\" width=\"1024\" height=\"768\" src=\"https:\/\/www.gs-essenheim.de\/wp-content\/uploads\/2023\/05\/2023.05.26.-Baustellenschild-1024x768.jpg\" alt=\"\" class=\"wp-image-9238\" srcset=\"https:\/\/www.gs-essenheim.de\/wp-content\/uploads\/2023\/05\/2023.05.26.-Baustellenschild-1024x768.jpg 1024w, https:\/\/www.gs-essenheim.de\/wp-content\/uploads\/2023\/05\/2023.05.26.-Baustellenschild-300x225.jpg 300w, https:\/\/www.gs-essenheim.de\/wp-content\/uploads\/2023\/05\/2023.05.26.-Baustellenschild-768x576.jpg 768w, https:\/\/www.gs-essenheim.de\/wp-content\/uploads\/2023\/05\/2023.05.26.-Baustellenschild-1536x1152.jpg 1536w, https:\/\/www.gs-essenheim.de\/wp-content\/uploads\/2023\/05\/2023.05.26.-Baustellenschild-2048x1536.jpg 2048w, https:\/\/www.gs-essenheim.de\/wp-content\/uploads\/2023\/05\/2023.05.26.-Baustellenschild-400x300.jpg 400w\" sizes=\"auto, (max-width: 1024px) 100vw, 1024px\" \/><\/a><\/figure>\n\n\n\n<p class=\"has-text-align-center has-white-color has-white-background-color has-text-color has-background\">Leerzeile<\/p>\n","protected":false},"excerpt":{"rendered":"<p>Osterferien Der Unterricht beginnt wieder am Montag, 13. April 2026, um 8.00 Uhr. Wir w\u00fcnschen Ihnen alle entspannte Feiertage! Leerzeile Unsere Fastnachtsfeier! Ein paar Eindr\u00fccke vom n\u00e4rrischen Treiben! Leerzeile Unsere neue Mensa! In diesem Jahr 2026 starten die Bauarbeiten! Leerzeile &hellip; <a href=\"https:\/\/www.gs-essenheim.de\/?page_id=2379\">Weiterlesen <span class=\"meta-nav\">&rarr;<\/span><\/a><\/p>\n","protected":false},"author":3,"featured_media":0,"parent":0,"menu_order":1,"comment_status":"closed","ping_status":"closed","template":"","meta":{"footnotes":""},"class_list":["post-2379","page","type-page","status-publish","hentry"],"_links":{"self":[{"href":"https:\/\/www.gs-essenheim.de\/index.php?rest_route=\/wp\/v2\/pages\/2379","targetHints":{"allow":["GET"]}}],"collection":[{"href":"https:\/\/www.gs-essenheim.de\/index.php?rest_route=\/wp\/v2\/pages"}],"about":[{"href":"https:\/\/www.gs-essenheim.de\/index.php?rest_route=\/wp\/v2\/types\/page"}],"author":[{"embeddable":true,"href":"https:\/\/www.gs-essenheim.de\/index.php?rest_route=\/wp\/v2\/users\/3"}],"replies":[{"embeddable":true,"href":"https:\/\/www.gs-essenheim.de\/index.php?rest_route=%2Fwp%2Fv2%2Fcomments&post=2379"}],"version-history":[{"count":675,"href":"https:\/\/www.gs-essenheim.de\/index.php?rest_route=\/wp\/v2\/pages\/2379\/revisions"}],"predecessor-version":[{"id":11425,"href":"https:\/\/www.gs-essenheim.de\/index.php?rest_route=\/wp\/v2\/pages\/2379\/revisions\/11425"}],"wp:attachment":[{"href":"https:\/\/www.gs-essenheim.de\/index.php?rest_route=%2Fwp%2Fv2%2Fmedia&parent=2379"}],"curies":[{"name":"wp","href":"https:\/\/api.w.org\/{rel}","templated":true}]}}