{"id":25,"date":"2011-12-13T16:45:13","date_gmt":"2011-12-13T16:45:13","guid":{"rendered":"http:\/\/www.gs-essenheim.de\/?page_id=25"},"modified":"2025-03-18T18:20:52","modified_gmt":"2025-03-18T16:20:52","slug":"bucherei","status":"publish","type":"page","link":"https:\/\/www.gs-essenheim.de\/?page_id=25","title":{"rendered":"B\u00fccherei"},"content":{"rendered":"\n<figure class=\"wp-block-image size-large\"><a href=\"https:\/\/www.gs-essenheim.de\/wp-content\/uploads\/2025\/03\/2025.03.18.-Nachwuchs-Schulbuecherei-Homepage-scaled.jpg\"><img loading=\"lazy\" decoding=\"async\" width=\"691\" height=\"1024\" src=\"https:\/\/www.gs-essenheim.de\/wp-content\/uploads\/2025\/03\/2025.03.18.-Nachwuchs-Schulbuecherei-Homepage-691x1024.jpg\" alt=\"\" class=\"wp-image-10638\" srcset=\"https:\/\/www.gs-essenheim.de\/wp-content\/uploads\/2025\/03\/2025.03.18.-Nachwuchs-Schulbuecherei-Homepage-691x1024.jpg 691w, https:\/\/www.gs-essenheim.de\/wp-content\/uploads\/2025\/03\/2025.03.18.-Nachwuchs-Schulbuecherei-Homepage-202x300.jpg 202w, https:\/\/www.gs-essenheim.de\/wp-content\/uploads\/2025\/03\/2025.03.18.-Nachwuchs-Schulbuecherei-Homepage-768x1139.jpg 768w, https:\/\/www.gs-essenheim.de\/wp-content\/uploads\/2025\/03\/2025.03.18.-Nachwuchs-Schulbuecherei-Homepage-1036x1536.jpg 1036w, https:\/\/www.gs-essenheim.de\/wp-content\/uploads\/2025\/03\/2025.03.18.-Nachwuchs-Schulbuecherei-Homepage-1381x2048.jpg 1381w, https:\/\/www.gs-essenheim.de\/wp-content\/uploads\/2025\/03\/2025.03.18.-Nachwuchs-Schulbuecherei-Homepage-scaled.jpg 1727w\" sizes=\"auto, (max-width: 691px) 100vw, 691px\" \/><\/a><\/figure>\n\n\n\n<p class=\"has-text-align-center has-white-color has-white-background-color has-text-color has-background\">Absatz<\/p>\n\n\n\n<p>Die Sch\u00fclerb\u00fccherei wird w\u00f6chentlich, immer mittwochs von 9.00 &#8211; 11.20 Uhr, von Eltern f\u00fcr die Sch\u00fclerinnen und Sch\u00fcler zur Ausleihe betreut.<\/p>\n\n\n\n<p>Der Erwerb der B\u00fccher wird beispielsweise vom Erl\u00f6s des Kindersachenbasars und durch den F\u00f6rderverein erm\u00f6glicht.<\/p>\n\n\n\n<p>Das B\u00fcchereiteam wird von Frau Marina Schmahl geleitet und von einem engagierten Elternteam unterst\u00fctzt. Wenn Sie Fragen zur B\u00fccherei haben oder im Team mitarbeiten m\u00f6chten, dann k\u00f6nnen Sie das \u00fcber die E-Mail-Adresse der Schule tun:<br><a href=\"mailto:schule@gs-essenheim.de\">schule@gs-essenheim.de<\/a><\/p>\n\n\n\n<p><strong>Benutzerordnung<\/strong>:<\/p>\n\n\n\n<p class=\"has-text-align-center\"><a href=\"https:\/\/www.gs-essenheim.de\/wp-content\/uploads\/2022\/06\/2022.06.27.-Bu\u0308cherei-BENUTZERORDNUNG.pdf\">2022.06.27. Bu\u0308cherei BENUTZERORDNUNG<\/a><\/p>\n\n\n<div class=\"wp-block-image\">\n<figure class=\"aligncenter size-large\"><a href=\"https:\/\/www.gs-essenheim.de\/wp-content\/uploads\/2024\/06\/2024.06.17.-Schulbuecherei-scaled.jpg\"><img loading=\"lazy\" decoding=\"async\" width=\"1024\" height=\"768\" src=\"https:\/\/www.gs-essenheim.de\/wp-content\/uploads\/2024\/06\/2024.06.17.-Schulbuecherei-1024x768.jpg\" alt=\"\" class=\"wp-image-10080\" srcset=\"https:\/\/www.gs-essenheim.de\/wp-content\/uploads\/2024\/06\/2024.06.17.-Schulbuecherei-1024x768.jpg 1024w, https:\/\/www.gs-essenheim.de\/wp-content\/uploads\/2024\/06\/2024.06.17.-Schulbuecherei-300x225.jpg 300w, https:\/\/www.gs-essenheim.de\/wp-content\/uploads\/2024\/06\/2024.06.17.-Schulbuecherei-768x576.jpg 768w, https:\/\/www.gs-essenheim.de\/wp-content\/uploads\/2024\/06\/2024.06.17.-Schulbuecherei-1536x1152.jpg 1536w, https:\/\/www.gs-essenheim.de\/wp-content\/uploads\/2024\/06\/2024.06.17.-Schulbuecherei-2048x1536.jpg 2048w, https:\/\/www.gs-essenheim.de\/wp-content\/uploads\/2024\/06\/2024.06.17.-Schulbuecherei-400x300.jpg 400w\" sizes=\"auto, (max-width: 1024px) 100vw, 1024px\" \/><\/a><\/figure>\n<\/div>\n\n<div class=\"wp-block-image\">\n<figure class=\"aligncenter\"><a href=\"https:\/\/www.gs-essenheim.de\/wp-content\/uploads\/2018\/03\/2018.03.21.-B\u00fccherei-01.jpg\"><img loading=\"lazy\" decoding=\"async\" width=\"1024\" height=\"768\" src=\"https:\/\/www.gs-essenheim.de\/wp-content\/uploads\/2018\/03\/2018.03.21.-B\u00fccherei-01-1024x768.jpg\" alt=\"\" class=\"wp-image-6235\" srcset=\"https:\/\/www.gs-essenheim.de\/wp-content\/uploads\/2018\/03\/2018.03.21.-B\u00fccherei-01-1024x768.jpg 1024w, https:\/\/www.gs-essenheim.de\/wp-content\/uploads\/2018\/03\/2018.03.21.-B\u00fccherei-01-300x225.jpg 300w, https:\/\/www.gs-essenheim.de\/wp-content\/uploads\/2018\/03\/2018.03.21.-B\u00fccherei-01-768x576.jpg 768w, https:\/\/www.gs-essenheim.de\/wp-content\/uploads\/2018\/03\/2018.03.21.-B\u00fccherei-01-400x300.jpg 400w\" sizes=\"auto, (max-width: 1024px) 100vw, 1024px\" \/><\/a><\/figure>\n<\/div>\n\n<div class=\"wp-block-image\">\n<figure class=\"alignleft\"><a href=\"https:\/\/www.gs-essenheim.de\/wp-content\/uploads\/2018\/03\/2018.03.21.-B\u00fccherei-03.jpg\"><img loading=\"lazy\" decoding=\"async\" width=\"300\" height=\"225\" src=\"https:\/\/www.gs-essenheim.de\/wp-content\/uploads\/2018\/03\/2018.03.21.-B\u00fccherei-03-300x225.jpg\" alt=\"\" class=\"wp-image-6238\" srcset=\"https:\/\/www.gs-essenheim.de\/wp-content\/uploads\/2018\/03\/2018.03.21.-B\u00fccherei-03-300x225.jpg 300w, https:\/\/www.gs-essenheim.de\/wp-content\/uploads\/2018\/03\/2018.03.21.-B\u00fccherei-03-768x576.jpg 768w, https:\/\/www.gs-essenheim.de\/wp-content\/uploads\/2018\/03\/2018.03.21.-B\u00fccherei-03-1024x768.jpg 1024w, https:\/\/www.gs-essenheim.de\/wp-content\/uploads\/2018\/03\/2018.03.21.-B\u00fccherei-03-400x300.jpg 400w\" sizes=\"auto, (max-width: 300px) 100vw, 300px\" \/><\/a><\/figure>\n<\/div>\n\n<div class=\"wp-block-image\">\n<figure class=\"alignright\"><a href=\"https:\/\/www.gs-essenheim.de\/wp-content\/uploads\/2018\/03\/2018.03.21.-B\u00fccherei-04.jpg\"><img loading=\"lazy\" decoding=\"async\" width=\"300\" height=\"225\" src=\"https:\/\/www.gs-essenheim.de\/wp-content\/uploads\/2018\/03\/2018.03.21.-B\u00fccherei-04-300x225.jpg\" alt=\"\" class=\"wp-image-6239\" srcset=\"https:\/\/www.gs-essenheim.de\/wp-content\/uploads\/2018\/03\/2018.03.21.-B\u00fccherei-04-300x225.jpg 300w, https:\/\/www.gs-essenheim.de\/wp-content\/uploads\/2018\/03\/2018.03.21.-B\u00fccherei-04-768x576.jpg 768w, https:\/\/www.gs-essenheim.de\/wp-content\/uploads\/2018\/03\/2018.03.21.-B\u00fccherei-04-1024x768.jpg 1024w, https:\/\/www.gs-essenheim.de\/wp-content\/uploads\/2018\/03\/2018.03.21.-B\u00fccherei-04-400x300.jpg 400w\" sizes=\"auto, (max-width: 300px) 100vw, 300px\" \/><\/a><\/figure>\n<\/div>\n\n<div class=\"wp-block-image\">\n<figure class=\"aligncenter\"><a href=\"https:\/\/www.gs-essenheim.de\/wp-content\/uploads\/2018\/03\/2018.03.21.-B\u00fccherei-02.jpg\"><img loading=\"lazy\" decoding=\"async\" width=\"300\" height=\"273\" src=\"https:\/\/www.gs-essenheim.de\/wp-content\/uploads\/2018\/03\/2018.03.21.-B\u00fccherei-02-300x273.jpg\" alt=\"\" class=\"wp-image-6236\" srcset=\"https:\/\/www.gs-essenheim.de\/wp-content\/uploads\/2018\/03\/2018.03.21.-B\u00fccherei-02-300x273.jpg 300w, https:\/\/www.gs-essenheim.de\/wp-content\/uploads\/2018\/03\/2018.03.21.-B\u00fccherei-02-768x698.jpg 768w, https:\/\/www.gs-essenheim.de\/wp-content\/uploads\/2018\/03\/2018.03.21.-B\u00fccherei-02-1024x931.jpg 1024w, https:\/\/www.gs-essenheim.de\/wp-content\/uploads\/2018\/03\/2018.03.21.-B\u00fccherei-02-330x300.jpg 330w, https:\/\/www.gs-essenheim.de\/wp-content\/uploads\/2018\/03\/2018.03.21.-B\u00fccherei-02.jpg 1600w\" sizes=\"auto, (max-width: 300px) 100vw, 300px\" \/><\/a><\/figure>\n<\/div>\n\n\n<div data-wp-interactive=\"core\/file\" class=\"wp-block-file aligncenter\"><object data-wp-bind--hidden=\"!state.hasPdfPreview\" hidden class=\"wp-block-file__embed\" data=\"https:\/\/www.gs-essenheim.de\/wp-content\/uploads\/2024\/02\/2024.02.06.-Schulbuecherei-Bestandsliste-2023.pdf\" type=\"application\/pdf\" style=\"width:100%;height:200px\" aria-label=\"Einbettung von &lt;strong&gt;2024.02.06. Schulbu\u0308cherei Bestandsliste 2023&lt;\/strong&gt;.\"><\/object><a id=\"wp-block-file--media-09043a2c-0bc9-40c6-bca7-8fa095ee42f8\" href=\"https:\/\/www.gs-essenheim.de\/wp-content\/uploads\/2024\/02\/2024.02.06.-Schulbuecherei-Bestandsliste-2023.pdf\"><strong>2024.02.06. Schulbu\u0308cherei Bestandsliste 2023<\/strong><\/a><a href=\"https:\/\/www.gs-essenheim.de\/wp-content\/uploads\/2024\/02\/2024.02.06.-Schulbuecherei-Bestandsliste-2023.pdf\" class=\"wp-block-file__button wp-element-button\" download aria-describedby=\"wp-block-file--media-09043a2c-0bc9-40c6-bca7-8fa095ee42f8\">Herunterladen<\/a><\/div>\n","protected":false},"excerpt":{"rendered":"<p>Absatz Die Sch\u00fclerb\u00fccherei wird w\u00f6chentlich, immer mittwochs von 9.00 &#8211; 11.20 Uhr, von Eltern f\u00fcr die Sch\u00fclerinnen und Sch\u00fcler zur Ausleihe betreut. Der Erwerb der B\u00fccher wird beispielsweise vom Erl\u00f6s des Kindersachenbasars und durch den F\u00f6rderverein erm\u00f6glicht. Das B\u00fcchereiteam wird &hellip; <a href=\"https:\/\/www.gs-essenheim.de\/?page_id=25\">Weiterlesen <span class=\"meta-nav\">&rarr;<\/span><\/a><\/p>\n","protected":false},"author":1,"featured_media":0,"parent":0,"menu_order":9,"comment_status":"closed","ping_status":"open","template":"","meta":{"footnotes":""},"class_list":["post-25","page","type-page","status-publish","hentry"],"_links":{"self":[{"href":"https:\/\/www.gs-essenheim.de\/index.php?rest_route=\/wp\/v2\/pages\/25","targetHints":{"allow":["GET"]}}],"collection":[{"href":"https:\/\/www.gs-essenheim.de\/index.php?rest_route=\/wp\/v2\/pages"}],"about":[{"href":"https:\/\/www.gs-essenheim.de\/index.php?rest_route=\/wp\/v2\/types\/page"}],"author":[{"embeddable":true,"href":"https:\/\/www.gs-essenheim.de\/index.php?rest_route=\/wp\/v2\/users\/1"}],"replies":[{"embeddable":true,"href":"https:\/\/www.gs-essenheim.de\/index.php?rest_route=%2Fwp%2Fv2%2Fcomments&post=25"}],"version-history":[{"count":41,"href":"https:\/\/www.gs-essenheim.de\/index.php?rest_route=\/wp\/v2\/pages\/25\/revisions"}],"predecessor-version":[{"id":10640,"href":"https:\/\/www.gs-essenheim.de\/index.php?rest_route=\/wp\/v2\/pages\/25\/revisions\/10640"}],"wp:attachment":[{"href":"https:\/\/www.gs-essenheim.de\/index.php?rest_route=%2Fwp%2Fv2%2Fmedia&parent=25"}],"curies":[{"name":"wp","href":"https:\/\/api.w.org\/{rel}","templated":true}]}}