{"id":37,"date":"2011-12-13T17:19:06","date_gmt":"2011-12-13T17:19:06","guid":{"rendered":"http:\/\/www.gs-essenheim.de\/?page_id=37"},"modified":"2025-09-24T09:17:15","modified_gmt":"2025-09-24T07:17:15","slug":"schulelternbeirat","status":"publish","type":"page","link":"https:\/\/www.gs-essenheim.de\/?page_id=37","title":{"rendered":"SEB"},"content":{"rendered":"\n<p class=\"has-text-align-left\"><strong>Der Schulelternbeirat und seine Aufgaben<\/strong><\/p>\n\n\n\n<p>Liebe Eltern der Grundschule Essenheim,<\/p>\n\n\n\n<p>wir m\u00f6chten Ihnen nachfolgend kurz vorstellen welche Aufgaben und Pflichten ein Schulelternbeirat (SEB) hat. Grunds\u00e4tzlich gilt: der Schulelternbeirat ist die Vertretung aller Sch\u00fclerinnen, Sch\u00fcler und Eltern. Er nimmt die durch das Gesetz geregelten Mitwirkungsrechte der Eltern wahr.<\/p>\n\n\n\n<p>Der Schulelternbeirat hat die Aufgabe, die Erziehungs- und Unterrichtsarbeit der Schule zu f\u00f6rdern und mitzugestalten; er soll die Schule beraten, sie unterst\u00fctzen, ihr Anregungen geben und Vorschl\u00e4ge unterbreiten. Durch den SEB werden die Eltern gegen\u00fcber der Schule, der Schulverwaltung und der \u00d6ffentlichkeit vertreten.<\/p>\n\n\n\n<p>Das hei\u00dft:<\/p>\n\n\n\n<p>Kommunikation innerhalb der Elternschaft<\/p>\n\n\n\n<ul class=\"wp-block-list\">\n<li>durch z.B. Elternabende mit den jeweiligen Klassenvertretern und der Schulleitung, oder<\/li>\n\n\n\n<li>\u00fcber den direkten Weg an die Eltern (direkte Kontakte, Infobriefe)<\/li>\n<\/ul>\n\n\n\n<p>Kommunikation mit der Schulleitung und der Lehrerschaft<\/p>\n\n\n\n<ul class=\"wp-block-list\">\n<li>durch z.B. die Teilnahme an Konferenzen, Sitzungen, Gremien, Studientagen und nat\u00fcrlich<\/li>\n\n\n\n<li>im pers\u00f6nlichen Gespr\u00e4ch<\/li>\n<\/ul>\n\n\n\n<p>Wahrnehmung des gemeinsamen Erziehungs- und Bildungsauftrages von Schule und Elternhaus wie z.B.:<\/p>\n\n\n\n<ul class=\"wp-block-list\">\n<li>Mitwirkung bei der Fortentwicklung der Schulkonzeption<\/li>\n\n\n\n<li>Unterst\u00fctzung bei Finanzierung von Schulprojekten (zusammen mit dem F\u00f6rderverein)<\/li>\n<\/ul>\n\n\n\n<p>Unterst\u00fctzung der Schulleitung in praktischen Fragen<\/p>\n\n\n\n<ul class=\"wp-block-list\">\n<li>z.B. in Fragen zur Gestaltung des Geb\u00e4udes sowie des Freigel\u00e4ndes<\/li>\n<\/ul>\n\n\n\n<p>Wenn Sie noch Fragen haben oder mit uns Kontakt aufnehmen m\u00f6chten, dann k\u00f6nnen Sie dies hier tun:<br>\n<a href=\"mailto:seb@gs-essenheim.de\">seb@gs-essenheim.de<\/a><\/p>\n\n\n\n<p><strong>Schulelternbeirat 2025\/26\/27<\/strong>:<br>Frau Nicole Gl\u00f6ckner (2a, 4b), Frau Sarah Fr\u00f6ba-G\u00f6n\u00fcll\u00fc (1a, 4b), Herr Ralph Br\u00f6tzmann (1a, 3a)<br>Frau Margarete Sch\u00e4tzler (3b), Frau Ulla Dost (2a), Herr Dr. Harry Kertscho (3b) (Vertreter)<\/p>\n\n\n\n<p><strong>Schulelternsprecherin 2025\/26\/27<\/strong>:<br> Frau Nicole Gl\u00f6ckner<br> Frau Sarah Fr\u00f6ba-G\u00f6n\u00fcll\u00fc (Stellvertreterin)<\/p>\n\n\n\n<p>&nbsp;<\/p>\n","protected":false},"excerpt":{"rendered":"<p>Der Schulelternbeirat und seine Aufgaben Liebe Eltern der Grundschule Essenheim, wir m\u00f6chten Ihnen nachfolgend kurz vorstellen welche Aufgaben und Pflichten ein Schulelternbeirat (SEB) hat. Grunds\u00e4tzlich gilt: der Schulelternbeirat ist die Vertretung aller Sch\u00fclerinnen, Sch\u00fcler und Eltern. Er nimmt die durch &hellip; <a href=\"https:\/\/www.gs-essenheim.de\/?page_id=37\">Weiterlesen <span class=\"meta-nav\">&rarr;<\/span><\/a><\/p>\n","protected":false},"author":1,"featured_media":0,"parent":0,"menu_order":10,"comment_status":"closed","ping_status":"closed","template":"","meta":{"footnotes":""},"class_list":["post-37","page","type-page","status-publish","hentry"],"_links":{"self":[{"href":"https:\/\/www.gs-essenheim.de\/index.php?rest_route=\/wp\/v2\/pages\/37","targetHints":{"allow":["GET"]}}],"collection":[{"href":"https:\/\/www.gs-essenheim.de\/index.php?rest_route=\/wp\/v2\/pages"}],"about":[{"href":"https:\/\/www.gs-essenheim.de\/index.php?rest_route=\/wp\/v2\/types\/page"}],"author":[{"embeddable":true,"href":"https:\/\/www.gs-essenheim.de\/index.php?rest_route=\/wp\/v2\/users\/1"}],"replies":[{"embeddable":true,"href":"https:\/\/www.gs-essenheim.de\/index.php?rest_route=%2Fwp%2Fv2%2Fcomments&post=37"}],"version-history":[{"count":45,"href":"https:\/\/www.gs-essenheim.de\/index.php?rest_route=\/wp\/v2\/pages\/37\/revisions"}],"predecessor-version":[{"id":11009,"href":"https:\/\/www.gs-essenheim.de\/index.php?rest_route=\/wp\/v2\/pages\/37\/revisions\/11009"}],"wp:attachment":[{"href":"https:\/\/www.gs-essenheim.de\/index.php?rest_route=%2Fwp%2Fv2%2Fmedia&parent=37"}],"curies":[{"name":"wp","href":"https:\/\/api.w.org\/{rel}","templated":true}]}}